{"id":20,"date":"2025-12-22T11:22:14","date_gmt":"2025-12-22T11:22:14","guid":{"rendered":"https:\/\/argiestetica.rkinformatika.online\/?page_id=20"},"modified":"2025-12-22T14:41:32","modified_gmt":"2025-12-22T14:41:32","slug":"servicios","status":"publish","type":"page","link":"https:\/\/argiestetica.com\/eu\/servicios\/","title":{"rendered":"Zerbitzuak"},"content":{"rendered":"\t\t<div data-elementor-type=\"wp-page\" data-elementor-id=\"20\" class=\"elementor elementor-20\" data-elementor-post-type=\"page\">\n\t\t\t\t<div class=\"elementor-element elementor-element-ed05f78 e-con-full e-flex e-con e-parent\" data-id=\"ed05f78\" data-element_type=\"container\" data-e-type=\"container\" data-settings=\"{&quot;background_background&quot;:&quot;classic&quot;,&quot;background_motion_fx_motion_fx_scrolling&quot;:&quot;yes&quot;,&quot;background_motion_fx_devices&quot;:[&quot;desktop&quot;,&quot;tablet&quot;,&quot;mobile&quot;]}\">\n\t\t<div class=\"elementor-element elementor-element-2eb53be e-flex e-con-boxed e-con e-child\" data-id=\"2eb53be\" data-element_type=\"container\" data-e-type=\"container\" data-settings=\"{&quot;background_background&quot;:&quot;classic&quot;}\">\n\t\t\t\t\t<div class=\"e-con-inner\">\n\t\t\t\t<div class=\"elementor-element elementor-element-5832d93 elementor-invisible elementor-widget elementor-widget-heading\" data-id=\"5832d93\" data-element_type=\"widget\" data-e-type=\"widget\" data-settings=\"{&quot;_animation&quot;:&quot;fadeInDown&quot;}\" data-widget_type=\"heading.default\">\n\t\t\t\t\t<h2 class=\"elementor-heading-title elementor-size-default\">ARTE EN TUS MANOS<\/h2>\t\t\t\t<\/div>\n\t\t\t\t\t<\/div>\n\t\t\t\t<\/div>\n\t\t<div class=\"elementor-element elementor-element-f54277b e-flex e-con-boxed e-con e-child\" data-id=\"f54277b\" data-element_type=\"container\" data-e-type=\"container\" data-settings=\"{&quot;background_background&quot;:&quot;classic&quot;}\">\n\t\t\t\t\t<div class=\"e-con-inner\">\n\t\t\t\t<div class=\"elementor-element elementor-element-ecdb74d elementor-widget__width-initial elementor-invisible elementor-widget elementor-widget-heading\" data-id=\"ecdb74d\" data-element_type=\"widget\" data-e-type=\"widget\" data-settings=\"{&quot;_animation&quot;:&quot;fadeInDown&quot;}\" data-widget_type=\"heading.default\">\n\t\t\t\t\t<h2 class=\"elementor-heading-title elementor-size-default\">Nuestros Servicios<\/h2>\t\t\t\t<\/div>\n\t\t\t\t<div class=\"elementor-element elementor-element-37bbc0e elementor-widget__width-initial elementor-widget elementor-widget-text-editor\" data-id=\"37bbc0e\" data-element_type=\"widget\" data-e-type=\"widget\" data-settings=\"{&quot;_animation_mobile&quot;:&quot;fadeIn&quot;}\" data-widget_type=\"text-editor.default\">\n\t\t\t\t\t\t\t\t\t<p>&#8211; Manicura<br \/>&#8211; Pedicura<br \/>&#8211; U\u00f1as de Gel<br \/>&#8211; U\u00f1as de Polygel<br \/>&#8211; Semipermanente<br \/>&#8211; Dise\u00f1o y tinte de Cejas<\/p>\t\t\t\t\t\t\t\t<\/div>\n\t\t\t\t<div class=\"elementor-element elementor-element-d58aa15 elementor-widget__width-initial elementor-widget elementor-widget-text-editor\" data-id=\"d58aa15\" data-element_type=\"widget\" data-e-type=\"widget\" data-settings=\"{&quot;_animation_mobile&quot;:&quot;fadeIn&quot;}\" data-widget_type=\"text-editor.default\">\n\t\t\t\t\t\t\t\t\t<p>&#8211; Laminado de Cejas<br \/>&#8211; Lifting de Pesta\u00f1as<br \/>&#8211; Tratamientos faciales<br \/>&#8211; Depilaci\u00f3n en General<br \/>&#8211; Todo tipo de trenzas<br \/>&#8211; Venta de productos<\/p>\t\t\t\t\t\t\t\t<\/div>\n\t\t\t\t\t<\/div>\n\t\t\t\t<\/div>\n\t\t<div class=\"elementor-element elementor-element-4fb8006 e-flex e-con-boxed e-con e-child\" data-id=\"4fb8006\" data-element_type=\"container\" data-e-type=\"container\" data-settings=\"{&quot;background_background&quot;:&quot;classic&quot;}\">\n\t\t\t\t\t<div class=\"e-con-inner\">\n\t\t\t\t<div class=\"elementor-element elementor-element-a1b9fcf elementor-invisible elementor-widget elementor-widget-heading\" data-id=\"a1b9fcf\" data-element_type=\"widget\" data-e-type=\"widget\" data-settings=\"{&quot;_animation&quot;:&quot;fadeInDown&quot;}\" data-widget_type=\"heading.default\">\n\t\t\t\t\t<h2 class=\"elementor-heading-title elementor-size-default\">Cuidamos cada detalle para crear una experiencia inolvidable.<\/h2>\t\t\t\t<\/div>\n\t\t\t\t<div class=\"elementor-element elementor-element-fa1ec82 elementor-widget elementor-widget-button\" data-id=\"fa1ec82\" data-element_type=\"widget\" data-e-type=\"widget\" data-widget_type=\"button.default\">\n\t\t\t\t\t\t\t\t\t\t<a class=\"elementor-button elementor-button-link elementor-size-sm\" href=\"https:\/\/argiestetica.com\/contacto\/\">\n\t\t\t\t\t\t<span class=\"elementor-button-content-wrapper\">\n\t\t\t\t\t\t\t\t\t<span class=\"elementor-button-text\">Contacto<\/span>\n\t\t\t\t\t<\/span>\n\t\t\t\t\t<\/a>\n\t\t\t\t\t\t\t\t<\/div>\n\t\t\t\t\t<\/div>\n\t\t\t\t<\/div>\n\t\t\t\t<\/div>\n\t\t\t\t<\/div>\n\t\t","protected":false},"excerpt":{"rendered":"<p>ARTE EN TUS MANOS Nuestros Servicios &#8211; Manicura&#8211; Pedicura&#8211; U\u00f1as de Gel&#8211; U\u00f1as de Polygel&#8211; Semipermanente&#8211; Dise\u00f1o y tinte de Cejas &#8211; Laminado de Cejas&#8211; Lifting de Pesta\u00f1as&#8211; Tratamientos faciales&#8211; Depilaci\u00f3n en General&#8211; Todo tipo de trenzas&#8211; Venta de productos Cuidamos cada detalle para crear una experiencia inolvidable. Contacto<\/p>","protected":false},"author":1,"featured_media":0,"parent":0,"menu_order":0,"comment_status":"closed","ping_status":"closed","template":"elementor_canvas","meta":{"footnotes":""},"class_list":["post-20","page","type-page","status-publish","hentry"],"yoast_head":"<!-- This site is optimized with the Yoast SEO plugin v27.3 - https:\/\/yoast.com\/product\/yoast-seo-wordpress\/ -->\n<title>Servicios - Argi Estetica<\/title>\n<meta name=\"robots\" content=\"index, follow, max-snippet:-1, max-image-preview:large, max-video-preview:-1\" \/>\n<link rel=\"canonical\" href=\"https:\/\/argiestetica.com\/eu\/servicios\/\" \/>\n<meta property=\"og:locale\" content=\"en_US\" \/>\n<meta property=\"og:type\" content=\"article\" \/>\n<meta property=\"og:title\" content=\"Servicios - Argi Estetica\" \/>\n<meta property=\"og:description\" content=\"ARTE EN TUS MANOS Nuestros Servicios &#8211; Manicura&#8211; Pedicura&#8211; U\u00f1as de Gel&#8211; U\u00f1as de Polygel&#8211; Semipermanente&#8211; Dise\u00f1o y tinte de Cejas &#8211; Laminado de Cejas&#8211; Lifting de Pesta\u00f1as&#8211; Tratamientos faciales&#8211; Depilaci\u00f3n en General&#8211; Todo tipo de trenzas&#8211; Venta de productos Cuidamos cada detalle para crear una experiencia inolvidable. Contacto\" \/>\n<meta property=\"og:url\" content=\"https:\/\/argiestetica.com\/eu\/servicios\/\" \/>\n<meta property=\"og:site_name\" content=\"Argi Estetica\" \/>\n<meta property=\"article:modified_time\" content=\"2025-12-22T14:41:32+00:00\" \/>\n<meta name=\"twitter:card\" content=\"summary_large_image\" \/>\n<meta name=\"twitter:label1\" content=\"Est. reading time\" \/>\n\t<meta name=\"twitter:data1\" content=\"1 minutua\" \/>\n<script type=\"application\/ld+json\" class=\"yoast-schema-graph\">{\"@context\":\"https:\\\/\\\/schema.org\",\"@graph\":[{\"@type\":\"WebPage\",\"@id\":\"https:\\\/\\\/argiestetica.com\\\/servicios\\\/\",\"url\":\"https:\\\/\\\/argiestetica.com\\\/servicios\\\/\",\"name\":\"Servicios - Argi Estetica\",\"isPartOf\":{\"@id\":\"https:\\\/\\\/argiestetica.com\\\/#website\"},\"datePublished\":\"2025-12-22T11:22:14+00:00\",\"dateModified\":\"2025-12-22T14:41:32+00:00\",\"breadcrumb\":{\"@id\":\"https:\\\/\\\/argiestetica.com\\\/servicios\\\/#breadcrumb\"},\"inLanguage\":\"eu\",\"potentialAction\":[{\"@type\":\"ReadAction\",\"target\":[\"https:\\\/\\\/argiestetica.com\\\/servicios\\\/\"]}]},{\"@type\":\"BreadcrumbList\",\"@id\":\"https:\\\/\\\/argiestetica.com\\\/servicios\\\/#breadcrumb\",\"itemListElement\":[{\"@type\":\"ListItem\",\"position\":1,\"name\":\"Portada\",\"item\":\"https:\\\/\\\/argiestetica.com\\\/\"},{\"@type\":\"ListItem\",\"position\":2,\"name\":\"Servicios\"}]},{\"@type\":\"WebSite\",\"@id\":\"https:\\\/\\\/argiestetica.com\\\/#website\",\"url\":\"https:\\\/\\\/argiestetica.com\\\/\",\"name\":\"Argi Estetica\",\"description\":\"\",\"publisher\":{\"@id\":\"https:\\\/\\\/argiestetica.com\\\/#organization\"},\"potentialAction\":[{\"@type\":\"SearchAction\",\"target\":{\"@type\":\"EntryPoint\",\"urlTemplate\":\"https:\\\/\\\/argiestetica.com\\\/?s={search_term_string}\"},\"query-input\":{\"@type\":\"PropertyValueSpecification\",\"valueRequired\":true,\"valueName\":\"search_term_string\"}}],\"inLanguage\":\"eu\"},{\"@type\":\"Organization\",\"@id\":\"https:\\\/\\\/argiestetica.com\\\/#organization\",\"name\":\"Argi Estetica\",\"url\":\"https:\\\/\\\/argiestetica.com\\\/\",\"logo\":{\"@type\":\"ImageObject\",\"inLanguage\":\"eu\",\"@id\":\"https:\\\/\\\/argiestetica.com\\\/#\\\/schema\\\/logo\\\/image\\\/\",\"url\":\"https:\\\/\\\/argiestetica.com\\\/wp-content\\\/uploads\\\/2025\\\/12\\\/cropped-argiestetica202510b_logo_web.png\",\"contentUrl\":\"https:\\\/\\\/argiestetica.com\\\/wp-content\\\/uploads\\\/2025\\\/12\\\/cropped-argiestetica202510b_logo_web.png\",\"width\":1080,\"height\":1070,\"caption\":\"Argi Estetica\"},\"image\":{\"@id\":\"https:\\\/\\\/argiestetica.com\\\/#\\\/schema\\\/logo\\\/image\\\/\"}}]}<\/script>\n<!-- \/ Yoast SEO plugin. -->","yoast_head_json":{"title":"Servicios - Argi Estetica","robots":{"index":"index","follow":"follow","max-snippet":"max-snippet:-1","max-image-preview":"max-image-preview:large","max-video-preview":"max-video-preview:-1"},"canonical":"https:\/\/argiestetica.com\/eu\/servicios\/","og_locale":"en_US","og_type":"article","og_title":"Servicios - Argi Estetica","og_description":"ARTE EN TUS MANOS Nuestros Servicios &#8211; Manicura&#8211; Pedicura&#8211; U\u00f1as de Gel&#8211; U\u00f1as de Polygel&#8211; Semipermanente&#8211; Dise\u00f1o y tinte de Cejas &#8211; Laminado de Cejas&#8211; Lifting de Pesta\u00f1as&#8211; Tratamientos faciales&#8211; Depilaci\u00f3n en General&#8211; Todo tipo de trenzas&#8211; Venta de productos Cuidamos cada detalle para crear una experiencia inolvidable. Contacto","og_url":"https:\/\/argiestetica.com\/eu\/servicios\/","og_site_name":"Argi Estetica","article_modified_time":"2025-12-22T14:41:32+00:00","twitter_card":"summary_large_image","twitter_misc":{"Est. reading time":"1 minutua"},"schema":{"@context":"https:\/\/schema.org","@graph":[{"@type":"WebPage","@id":"https:\/\/argiestetica.com\/servicios\/","url":"https:\/\/argiestetica.com\/servicios\/","name":"Servicios - Argi Estetica","isPartOf":{"@id":"https:\/\/argiestetica.com\/#website"},"datePublished":"2025-12-22T11:22:14+00:00","dateModified":"2025-12-22T14:41:32+00:00","breadcrumb":{"@id":"https:\/\/argiestetica.com\/servicios\/#breadcrumb"},"inLanguage":"eu","potentialAction":[{"@type":"ReadAction","target":["https:\/\/argiestetica.com\/servicios\/"]}]},{"@type":"BreadcrumbList","@id":"https:\/\/argiestetica.com\/servicios\/#breadcrumb","itemListElement":[{"@type":"ListItem","position":1,"name":"Portada","item":"https:\/\/argiestetica.com\/"},{"@type":"ListItem","position":2,"name":"Servicios"}]},{"@type":"WebSite","@id":"https:\/\/argiestetica.com\/#website","url":"https:\/\/argiestetica.com\/","name":"Argi Estetica","description":"","publisher":{"@id":"https:\/\/argiestetica.com\/#organization"},"potentialAction":[{"@type":"SearchAction","target":{"@type":"EntryPoint","urlTemplate":"https:\/\/argiestetica.com\/?s={search_term_string}"},"query-input":{"@type":"PropertyValueSpecification","valueRequired":true,"valueName":"search_term_string"}}],"inLanguage":"eu"},{"@type":"Organization","@id":"https:\/\/argiestetica.com\/#organization","name":"Argi Estetica","url":"https:\/\/argiestetica.com\/","logo":{"@type":"ImageObject","inLanguage":"eu","@id":"https:\/\/argiestetica.com\/#\/schema\/logo\/image\/","url":"https:\/\/argiestetica.com\/wp-content\/uploads\/2025\/12\/cropped-argiestetica202510b_logo_web.png","contentUrl":"https:\/\/argiestetica.com\/wp-content\/uploads\/2025\/12\/cropped-argiestetica202510b_logo_web.png","width":1080,"height":1070,"caption":"Argi Estetica"},"image":{"@id":"https:\/\/argiestetica.com\/#\/schema\/logo\/image\/"}}]}},"_links":{"self":[{"href":"https:\/\/argiestetica.com\/eu\/wp-json\/wp\/v2\/pages\/20","targetHints":{"allow":["GET"]}}],"collection":[{"href":"https:\/\/argiestetica.com\/eu\/wp-json\/wp\/v2\/pages"}],"about":[{"href":"https:\/\/argiestetica.com\/eu\/wp-json\/wp\/v2\/types\/page"}],"author":[{"embeddable":true,"href":"https:\/\/argiestetica.com\/eu\/wp-json\/wp\/v2\/users\/1"}],"replies":[{"embeddable":true,"href":"https:\/\/argiestetica.com\/eu\/wp-json\/wp\/v2\/comments?post=20"}],"version-history":[{"count":58,"href":"https:\/\/argiestetica.com\/eu\/wp-json\/wp\/v2\/pages\/20\/revisions"}],"predecessor-version":[{"id":269,"href":"https:\/\/argiestetica.com\/eu\/wp-json\/wp\/v2\/pages\/20\/revisions\/269"}],"wp:attachment":[{"href":"https:\/\/argiestetica.com\/eu\/wp-json\/wp\/v2\/media?parent=20"}],"curies":[{"name":"wp","href":"https:\/\/api.w.org\/{rel}","templated":true}]}}